{"id":1064,"date":"2025-12-09T19:13:59","date_gmt":"2025-12-09T19:13:59","guid":{"rendered":"https:\/\/silvideo.de\/?page_id=1064"},"modified":"2025-12-24T14:45:05","modified_gmt":"2025-12-24T14:45:05","slug":"imagefilm","status":"publish","type":"page","link":"https:\/\/silvideo.de\/index.php\/imagefilm\/","title":{"rendered":"Imagefilm"},"content":{"rendered":"\n<h1 class=\"wp-block-heading has-text-align-center neon-text-title\" style=\"margin-bottom:var(--wp--preset--spacing--50)\">Imagefilm<\/h1>\n\n\n\n<p class=\"has-text-align-center white-neon\" style=\"margin-bottom:var(--wp--preset--spacing--70)\">Kein 08\/15 Imagevideo, sondern die visuelle DNA deiner Marke. Ich drehe keinen Unternehmensfilm, Ich drehe deinen Blockbuster.<\/p>\n\n\n\n<div class=\"wp-block-group has-global-padding is-layout-constrained wp-block-group-is-layout-constrained\" style=\"margin-bottom:var(--wp--preset--spacing--60)\">\n<h2 class=\"wp-block-heading has-text-align-center neon-text-title\" style=\"margin-bottom:var(--wp--preset--spacing--50)\">WARUM DEIN UNTERNEHMEN NACH KINO AUSSEHEN MUSS<\/h2>\n\n\n\n<p class=\"has-text-align-center white-neon\" style=\"margin-bottom:var(--wp--preset--spacing--70)\">In einer digitalen Welt entscheidet der erste Eindruck \u00fcber Umsatz oder Absprung. Ein Imagefilm ist mehr als nur ein Rundgang durch die Firma, er ist ein Statement. Als Videograf f\u00fcr Heidenheim, Hamburg und ganz Deutschland sorge ich daf\u00fcr, dass deine Marke nicht nur gesehen, sondern gef\u00fchlt wird. Ich \u00fcbersetze deine Firmenphilosophie in eine bildgewaltige Sprache, die im Ged\u00e4chtnis bleibt. Weg vom Standard, hin zum High-End Look.<\/p>\n<\/div>\n\n\n\n<div class=\"wp-block-columns is-layout-flex wp-container-core-columns-is-layout-28f84493 wp-block-columns-is-layout-flex\">\n<div class=\"wp-block-column is-layout-flow wp-block-column-is-layout-flow\">\n<h3 class=\"wp-block-heading has-text-align-center neon-text-title\">Konzept<\/h3>\n\n\n\n<p class=\"has-text-align-center white-neon\">Strategie vor Technik. Ich entwickele ein Storyboard, das deine Zielgruppe emotional packt, statt sie mit Fakten zu langweilen.<\/p>\n<\/div>\n\n\n\n<div class=\"wp-block-column is-layout-flow wp-block-column-is-layout-flow\">\n<h3 class=\"wp-block-heading has-text-align-center neon-text-title\">CINEMA LINE<\/h3>\n\n\n\n<p class=\"has-text-align-center white-neon\">Gedreht auf <a href=\"https:\/\/www.sony.co.in\/electronics\/cinema-line\" target=\"_blank\" rel=\"noopener\">Sony Cinema Line<\/a> Sensoren. Lichtsetzung, Framing und Color-Grading auf Kino-Niveau.<\/p>\n<\/div>\n\n\n\n<div class=\"wp-block-column is-layout-flow wp-block-column-is-layout-flow\">\n<h3 class=\"wp-block-heading has-text-align-center neon-text-title\">IMPACT<\/h3>\n\n\n\n<p class=\"has-text-align-center white-neon\">Ein Film, der verkauft. Perfekt f\u00fcr deine Website, Messen oder als Visitenkarte bei LinkedIn.<\/p>\n<\/div>\n<\/div>\n\n\n\n<div style=\"height:100px\" aria-hidden=\"true\" class=\"wp-block-spacer\"><\/div>\n\n\n\n<h2 class=\"wp-block-heading has-text-align-center neon-text-title\" style=\"margin-bottom:var(--wp--preset--spacing--50)\">Wie L\u00e4uft das ab?<\/h2>\n\n\n\n<div class=\"wp-block-group has-global-padding is-layout-constrained wp-block-group-is-layout-constrained\">\n<details class=\"wp-block-details neon-text-title is-layout-flow wp-block-details-is-layout-flow\"><summary>Wie l\u00e4uft die Vorproduktion ab?<\/summary>\n<p class=\"white-neon\">Bevor die Kamera l\u00e4uft, steht der Plan. Ich analysieren deine Marke, definiere die Kernbotschaft und erstelle einen genauen Drehplan. Location-Scouting und Casting inklusive.<\/p>\n<\/details>\n<\/div>\n\n\n\n<div class=\"wp-block-group has-global-padding is-layout-constrained wp-block-group-is-layout-constrained\">\n<details class=\"wp-block-details neon-text-title is-layout-flow wp-block-details-is-layout-flow\"><summary>Wie lange dauert ein Dreh?<\/summary>\n<p class=\"white-neon\">F\u00fcr einen hochwertigen Imagefilm ben\u00f6tigen wir in der Regel 1 bis 2 Drehtage vor Ort. Ich arbeite effizient und st\u00f6ren deinen Betriebsablauf so wenig wie m\u00f6glich.<\/p>\n<\/details>\n<\/div>\n\n\n\n<div class=\"wp-block-group has-global-padding is-layout-constrained wp-block-group-is-layout-constrained\">\n<details class=\"wp-block-details neon-text-title is-layout-flow wp-block-details-is-layout-flow\"><summary>Postproduktion &amp; Sound Design<\/summary>\n<p class=\"white-neon\">Hier passiert die Magie. Schnitt, Color Grading und vor allem Sound Design (SFX) verschmelzen zu einer Einheit. Deine CI-Farben werden im Look integriert.<\/p>\n<\/details>\n<\/div>\n\n\n\n<div class=\"wp-block-group has-global-padding is-layout-constrained wp-block-group-is-layout-constrained\">\n<details class=\"wp-block-details neon-text-title is-layout-flow wp-block-details-is-layout-flow\"><summary>Wo kann ich den Film nutzen?<\/summary>\n<p class=\"white-neon\">Du erh\u00e4ltst volle Nutzungsrechte f\u00fcr Web, Social Media und Messe. Ich liefer dir Formate in 16:9 (Web) und auf Wunsch Snippets f\u00fcr Social Media.<\/p>\n<\/details>\n<\/div>\n\n\n\n<p class=\"has-text-align-center neon-text neon-flicker-mild\" style=\"margin-top:var(--wp--preset--spacing--80);margin-bottom:var(--wp--preset--spacing--40);font-size:clamp(1.146rem, 1.146rem + ((1vw - 0.2rem) * 1.026), 1.8rem);\"><strong>Spannendes Projekt im Kopf?<\/strong><\/p>\n\n\n\n<div class=\"wp-block-buttons is-content-justification-center is-layout-flex wp-container-core-buttons-is-layout-a89b3969 wp-block-buttons-is-layout-flex\">\n<div class=\"wp-block-button neon-button open-contact\"><a class=\"wp-block-button__link wp-element-button\">Projekt Anfragen<\/a><\/div>\n<\/div>\n\n\n\n<p class=\"has-text-align-center neon-text\">+49 170 1238663<\/p>\n\n\n\n<div style=\"height:136px\" aria-hidden=\"true\" class=\"wp-block-spacer\"><\/div>\n\n\n\n<div class=\"wp-block-group has-global-padding is-layout-constrained wp-container-core-group-is-layout-f36bc466 wp-block-group-is-layout-constrained\">\n<div class=\"wp-block-columns alignwide are-vertically-aligned-center is-not-stacked-on-mobile is-layout-flex wp-container-core-columns-is-layout-facb5302 wp-block-columns-is-layout-flex\" style=\"border-style:none;border-width:0px;padding-top:var(--wp--preset--spacing--30);padding-bottom:var(--wp--preset--spacing--30)\">\n<div class=\"wp-block-column is-vertically-aligned-center is-layout-flow wp-block-column-is-layout-flow\"><div class=\"aligncenter wp-block-site-logo\"><a href=\"https:\/\/silvideo.de\/\" class=\"custom-logo-link\" rel=\"home\"><img loading=\"lazy\" decoding=\"async\" width=\"117\" height=\"117\" src=\"https:\/\/silvideo.de\/wp-content\/uploads\/2025\/11\/Logo-Sq-lowres.jpg\" class=\"custom-logo\" alt=\"Silvideo\" srcset=\"https:\/\/silvideo.de\/wp-content\/uploads\/2025\/11\/Logo-Sq-lowres.jpg 512w, https:\/\/silvideo.de\/wp-content\/uploads\/2025\/11\/Logo-Sq-lowres-300x300.jpg 300w, https:\/\/silvideo.de\/wp-content\/uploads\/2025\/11\/Logo-Sq-lowres-150x150.jpg 150w\" sizes=\"auto, (max-width: 117px) 100vw, 117px\" \/><\/a><\/div><\/div>\n\n\n\n<div class=\"wp-block-column is-vertically-aligned-center is-layout-flow wp-block-column-is-layout-flow\">\n<ul class=\"wp-block-social-links has-icon-color has-icon-background-color neon-icons is-content-justification-center is-nowrap is-layout-flex wp-container-core-social-links-is-layout-12a27398 wp-block-social-links-is-layout-flex\"><li style=\"color:#000000;background-color:#ff9900;\" class=\"wp-social-link wp-social-link-mail has-black-color wp-block-social-link\"><a rel=\"noopener nofollow\" target=\"_blank\" href=\"mailto:info@silvideo.de\" class=\"wp-block-social-link-anchor\"><svg width=\"24\" height=\"24\" viewBox=\"0 0 24 24\" version=\"1.1\" xmlns=\"http:\/\/www.w3.org\/2000\/svg\" aria-hidden=\"true\" focusable=\"false\"><path d=\"M19,5H5c-1.1,0-2,.9-2,2v10c0,1.1.9,2,2,2h14c1.1,0,2-.9,2-2V7c0-1.1-.9-2-2-2zm.5,12c0,.3-.2.5-.5.5H5c-.3,0-.5-.2-.5-.5V9.8l7.5,5.6,7.5-5.6V17zm0-9.1L12,13.6,4.5,7.9V7c0-.3.2-.5.5-.5h14c.3,0,.5.2.5.5v.9z\"><\/path><\/svg><span class=\"wp-block-social-link-label screen-reader-text\">E-Mail<\/span><\/a><\/li><\/ul>\n<\/div>\n\n\n\n<div class=\"wp-block-column is-vertically-aligned-center is-layout-flow wp-block-column-is-layout-flow\" style=\"padding-top:var(--wp--preset--spacing--40);padding-bottom:var(--wp--preset--spacing--40)\">\n<ul class=\"wp-block-social-links has-icon-color has-icon-background-color neon-icons is-content-justification-center is-layout-flex wp-container-core-social-links-is-layout-a89b3969 wp-block-social-links-is-layout-flex\"><li style=\"color:#000000;background-color:#ff9900;\" class=\"wp-social-link wp-social-link-instagram has-black-color wp-block-social-link\"><a href=\"https:\/\/instagram.com\/silvideo.de\/\" class=\"wp-block-social-link-anchor\"><svg width=\"24\" height=\"24\" viewBox=\"0 0 24 24\" version=\"1.1\" xmlns=\"http:\/\/www.w3.org\/2000\/svg\" aria-hidden=\"true\" focusable=\"false\"><path d=\"M12,4.622c2.403,0,2.688,0.009,3.637,0.052c0.877,0.04,1.354,0.187,1.671,0.31c0.42,0.163,0.72,0.358,1.035,0.673 c0.315,0.315,0.51,0.615,0.673,1.035c0.123,0.317,0.27,0.794,0.31,1.671c0.043,0.949,0.052,1.234,0.052,3.637 s-0.009,2.688-0.052,3.637c-0.04,0.877-0.187,1.354-0.31,1.671c-0.163,0.42-0.358,0.72-0.673,1.035 c-0.315,0.315-0.615,0.51-1.035,0.673c-0.317,0.123-0.794,0.27-1.671,0.31c-0.949,0.043-1.233,0.052-3.637,0.052 s-2.688-0.009-3.637-0.052c-0.877-0.04-1.354-0.187-1.671-0.31c-0.42-0.163-0.72-0.358-1.035-0.673 c-0.315-0.315-0.51-0.615-0.673-1.035c-0.123-0.317-0.27-0.794-0.31-1.671C4.631,14.688,4.622,14.403,4.622,12 s0.009-2.688,0.052-3.637c0.04-0.877,0.187-1.354,0.31-1.671c0.163-0.42,0.358-0.72,0.673-1.035 c0.315-0.315,0.615-0.51,1.035-0.673c0.317-0.123,0.794-0.27,1.671-0.31C9.312,4.631,9.597,4.622,12,4.622 M12,3 C9.556,3,9.249,3.01,8.289,3.054C7.331,3.098,6.677,3.25,6.105,3.472C5.513,3.702,5.011,4.01,4.511,4.511 c-0.5,0.5-0.808,1.002-1.038,1.594C3.25,6.677,3.098,7.331,3.054,8.289C3.01,9.249,3,9.556,3,12c0,2.444,0.01,2.751,0.054,3.711 c0.044,0.958,0.196,1.612,0.418,2.185c0.23,0.592,0.538,1.094,1.038,1.594c0.5,0.5,1.002,0.808,1.594,1.038 c0.572,0.222,1.227,0.375,2.185,0.418C9.249,20.99,9.556,21,12,21s2.751-0.01,3.711-0.054c0.958-0.044,1.612-0.196,2.185-0.418 c0.592-0.23,1.094-0.538,1.594-1.038c0.5-0.5,0.808-1.002,1.038-1.594c0.222-0.572,0.375-1.227,0.418-2.185 C20.99,14.751,21,14.444,21,12s-0.01-2.751-0.054-3.711c-0.044-0.958-0.196-1.612-0.418-2.185c-0.23-0.592-0.538-1.094-1.038-1.594 c-0.5-0.5-1.002-0.808-1.594-1.038c-0.572-0.222-1.227-0.375-2.185-0.418C14.751,3.01,14.444,3,12,3L12,3z M12,7.378 c-2.552,0-4.622,2.069-4.622,4.622S9.448,16.622,12,16.622s4.622-2.069,4.622-4.622S14.552,7.378,12,7.378z M12,15 c-1.657,0-3-1.343-3-3s1.343-3,3-3s3,1.343,3,3S13.657,15,12,15z M16.804,6.116c-0.596,0-1.08,0.484-1.08,1.08 s0.484,1.08,1.08,1.08c0.596,0,1.08-0.484,1.08-1.08S17.401,6.116,16.804,6.116z\"><\/path><\/svg><span class=\"wp-block-social-link-label screen-reader-text\">Instagram<\/span><\/a><\/li><\/ul>\n<\/div>\n\n\n\n<div class=\"wp-block-column is-vertically-aligned-center is-layout-flow wp-block-column-is-layout-flow\">\n<ul class=\"wp-block-social-links has-icon-color has-icon-background-color neon-icons is-content-justification-center is-layout-flex wp-container-core-social-links-is-layout-a89b3969 wp-block-social-links-is-layout-flex\"><li style=\"color:#000000;background-color:#ff9900;\" class=\"wp-social-link wp-social-link-youtube has-black-color wp-block-social-link\"><a href=\"https:\/\/www.youtube.com\/@SilVideoDE\" class=\"wp-block-social-link-anchor\" target=\"_blank\" rel=\"noopener\"><svg width=\"24\" height=\"24\" viewBox=\"0 0 24 24\" version=\"1.1\" xmlns=\"http:\/\/www.w3.org\/2000\/svg\" aria-hidden=\"true\" focusable=\"false\"><path d=\"M21.8,8.001c0,0-0.195-1.378-0.795-1.985c-0.76-0.797-1.613-0.801-2.004-0.847c-2.799-0.202-6.997-0.202-6.997-0.202 h-0.009c0,0-4.198,0-6.997,0.202C4.608,5.216,3.756,5.22,2.995,6.016C2.395,6.623,2.2,8.001,2.2,8.001S2,9.62,2,11.238v1.517 c0,1.618,0.2,3.237,0.2,3.237s0.195,1.378,0.795,1.985c0.761,0.797,1.76,0.771,2.205,0.855c1.6,0.153,6.8,0.201,6.8,0.201 s4.203-0.006,7.001-0.209c0.391-0.047,1.243-0.051,2.004-0.847c0.6-0.607,0.795-1.985,0.795-1.985s0.2-1.618,0.2-3.237v-1.517 C22,9.62,21.8,8.001,21.8,8.001z M9.935,14.594l-0.001-5.62l5.404,2.82L9.935,14.594z\"><\/path><\/svg><span class=\"wp-block-social-link-label screen-reader-text\">YouTube<\/span><\/a><\/li><\/ul>\n<\/div>\n<\/div>\n\n\n\n<p class=\"has-text-align-center neon-text\"><a href=\"https:\/\/silvideo.de\/index.php\/datenschutz\/\" data-type=\"page\" data-id=\"811\">Datenschutz<\/a><\/p>\n\n\n\n<p class=\"has-text-align-center neon-text\"><a href=\"https:\/\/silvideo.de\/index.php\/impressum\/\" data-type=\"page\" data-id=\"670\">Impressum<\/a><\/p>\n\n\n\n<p class=\"has-text-align-center neon-text\"><a href=\"https:\/\/silvideo.de\/index.php\/cookie-richtlinie-eu\/\" data-type=\"page\" data-id=\"947\">Cookie-Richtlinien<\/a><\/p>\n<\/div>\n","protected":false},"excerpt":{"rendered":"<p>Imagefilm Kein 08\/15 Imagevideo, sondern die visuelle DNA deiner Marke. Ich drehe keinen Unternehmensfilm, Ich drehe deinen Blockbuster. WARUM DEIN UNTERNEHMEN NACH KINO AUSSEHEN MUSS In einer digitalen Welt entscheidet der erste Eindruck \u00fcber Umsatz oder Absprung. Ein Imagefilm ist mehr als nur ein Rundgang durch die Firma, er ist ein Statement. Als Videograf f\u00fcr [&hellip;]<\/p>\n","protected":false},"author":1,"featured_media":0,"parent":0,"menu_order":0,"comment_status":"closed","ping_status":"closed","template":"","meta":{"footnotes":""},"class_list":["post-1064","page","type-page","status-publish","hentry"],"_links":{"self":[{"href":"https:\/\/silvideo.de\/index.php\/wp-json\/wp\/v2\/pages\/1064","targetHints":{"allow":["GET"]}}],"collection":[{"href":"https:\/\/silvideo.de\/index.php\/wp-json\/wp\/v2\/pages"}],"about":[{"href":"https:\/\/silvideo.de\/index.php\/wp-json\/wp\/v2\/types\/page"}],"author":[{"embeddable":true,"href":"https:\/\/silvideo.de\/index.php\/wp-json\/wp\/v2\/users\/1"}],"replies":[{"embeddable":true,"href":"https:\/\/silvideo.de\/index.php\/wp-json\/wp\/v2\/comments?post=1064"}],"version-history":[{"count":6,"href":"https:\/\/silvideo.de\/index.php\/wp-json\/wp\/v2\/pages\/1064\/revisions"}],"predecessor-version":[{"id":1106,"href":"https:\/\/silvideo.de\/index.php\/wp-json\/wp\/v2\/pages\/1064\/revisions\/1106"}],"wp:attachment":[{"href":"https:\/\/silvideo.de\/index.php\/wp-json\/wp\/v2\/media?parent=1064"}],"curies":[{"name":"wp","href":"https:\/\/api.w.org\/{rel}","templated":true}]}}